{"id":20574,"date":"2025-03-25T14:34:17","date_gmt":"2025-03-25T13:34:17","guid":{"rendered":"https:\/\/www.vendee-randonnee.com\/?page_id=20574"},"modified":"2025-03-25T14:34:17","modified_gmt":"2025-03-25T13:34:17","slug":"2025-animations","status":"publish","type":"page","link":"https:\/\/www.vendee-randonnee.com\/en\/2025-animations\/","title":{"rendered":"2025 &#8211; Animations"},"content":{"rendered":"<div id=\"cmsmasters_row_8satcwyup\" class=\"cmsmasters_row cmsmasters_color_scheme_default cmsmasters_row_top_default cmsmasters_row_bot_default cmsmasters_row_boxed\">\n<div class=\"cmsmasters_row_outer_parent\">\n<div class=\"cmsmasters_row_outer\">\n<div class=\"cmsmasters_row_inner\">\n<div class=\"cmsmasters_row_margin\">\n<div class=\"cmsmasters_column one_first\">\n<div class=\"cmsmasters_text\">\n<h2>Animations durant les 4 jours<\/h2>\n<p>Chaque jour sur les sentiers, \u00e0 l&#8217;arriv\u00e9e dans le Parc Clemenceau, des animations diff\u00e9rentes vous sont propos\u00e9es. Banda, groupe folklorique, fanfare, chanteur&#8230;.<\/p>\n<\/div>\n<\/div>\n<\/div>\n<\/div>\n<\/div>\n<\/div>\n<\/div>\n<div id=\"cmsmasters_row_y2p8dgzs7b\" class=\"cmsmasters_row cmsmasters_color_scheme_default cmsmasters_row_top_default cmsmasters_row_bot_default cmsmasters_row_boxed\">\n<div class=\"cmsmasters_row_outer_parent\">\n<div class=\"cmsmasters_row_outer\">\n<div class=\"cmsmasters_row_inner\">\n<div class=\"cmsmasters_row_margin\">\n<div class=\"cmsmasters_column one_half\">\n<div class=\"cmsmasters_text\">\n<h3>Mercredi 28 mai<\/h3>\n<p><strong>INAUGURATION<\/strong><\/p>\n<p>19 h 00 : D\u00e9fil\u00e9 musical avec &#8220;NOUVEL AIR&#8221; des Essarts en Bocage &#8211; Fanfare<\/p>\n<ul>\n<li>D\u00e9part Cr\u00e9dit Agricole \u2013 Arriv\u00e9e Salle\u00a0ANTONIA<\/li>\n<li>Inauguration IML &#8211; Vin d\u2019honneur<\/li>\n<\/ul>\n<\/div>\n<\/div>\n<div class=\"cmsmasters_column one_half\">\n<div class=\"cmsmasters_img  cmsmasters_image_n with_caption\"><img decoding=\"async\" src=\"https:\/\/www.vendee-randonnee.com\/wp-content\/uploads\/2022\/03\/photo-nouvel-air-3.jpg\" \/><p class=\"cmsmasters_img_caption\">Nouvel air<\/p><\/div>\n<\/div>\n<\/div>\n<\/div>\n<\/div>\n<\/div>\n<\/div>\n<div id=\"cmsmasters_row_nc02d3bjfk\" class=\"cmsmasters_row cmsmasters_color_scheme_default cmsmasters_row_top_default cmsmasters_row_bot_default cmsmasters_row_boxed\">\n<div class=\"cmsmasters_row_outer_parent\">\n<div class=\"cmsmasters_row_outer\">\n<div class=\"cmsmasters_row_inner\">\n<div class=\"cmsmasters_row_margin\">\n<div class=\"cmsmasters_column one_first\">\n<div class=\"cmsmasters_text\">\n<h2>Le programme jour apr\u00e8s jour<\/h2>\n<\/div>\n<\/div>\n<\/div>\n<\/div>\n<\/div>\n<\/div>\n<\/div>\n<div id=\"cmsmasters_row_boopnldxg9\" class=\"cmsmasters_row cmsmasters_color_scheme_default cmsmasters_row_top_default cmsmasters_row_bot_default cmsmasters_row_boxed\">\n<div class=\"cmsmasters_row_outer_parent\">\n<div class=\"cmsmasters_row_outer\">\n<div class=\"cmsmasters_row_inner cmsmasters_row_no_margin\">\n<div class=\"cmsmasters_row_margin\">\n<div class=\"cmsmasters_column one_half\">\n<div class=\"cmsmasters_text\">\n<h3>Jeudi 29 mai<\/h3>\n<ul>\n<li>Parc Clemenceau : 11 h 00 \u2013 18 h 00<\/li>\n<li>Ambiance assur\u00e9e par &#8220;MARCHING BAND L&#8217;ESPERANCE&#8221; de la Ferri\u00e8re &#8211; Fanfare\n<ul>\n<li>11h\/11h30\u00a0 &#8211;\u00a0 13h\/13h30\u00a0 &#8211;\u00a0 14h45\/15h15\u00a0 &#8211;\u00a0 16h30\/17h<\/li>\n<\/ul>\n<\/li>\n<li>Et le groupe&#8221;SEASON OF CHANGE&#8221; de Sainte C\u00e9cile &#8211; Rock\n<ul>\n<li>11h45\/12h30\u00a0 &#8211;\u00a0 13h45\/14h30\u00a0 &#8211;\u00a0 15h30\/16h15<\/li>\n<\/ul>\n<\/li>\n<li>Bar \u2013 Restauration<\/li>\n<\/ul>\n<\/div>\n<\/div>\n<div class=\"cmsmasters_column one_half\">\n<div class=\"cmsmasters_content_slider_wrap\" style=\"max-width:px;\"><div id=\"cmsmasters_slider_chaikvugsq\" class=\"cmsmasters_owl_slider owl-carousel cmsmasters_content_slider\" data-auto-play=\"7000\" data-stop-on-hover=\"false\" data-rewind-nav=\"true\" data-slide-speed=\"600\" data-pagination-speed=\"600\" data-rewind-speed=\"1000\" data-transition-style=\"false\" data-pagination=\"false\" data-navigation=\"false\"><div class=\"cmsmasters_owl_slider_item cmsmasters_content_slider_item\"><img loading=\"lazy\" decoding=\"async\" width=\"788\" height=\"449\" src=\"https:\/\/www.vendee-randonnee.com\/wp-content\/uploads\/2025\/01\/marching-band-esperance-1.jpg\" class=\"attachment-full size-full\" alt=\"\" srcset=\"https:\/\/www.vendee-randonnee.com\/wp-content\/uploads\/2025\/01\/marching-band-esperance-1.jpg 788w, https:\/\/www.vendee-randonnee.com\/wp-content\/uploads\/2025\/01\/marching-band-esperance-1-300x171.jpg 300w, https:\/\/www.vendee-randonnee.com\/wp-content\/uploads\/2025\/01\/marching-band-esperance-1-768x438.jpg 768w, https:\/\/www.vendee-randonnee.com\/wp-content\/uploads\/2025\/01\/marching-band-esperance-1-580x330.jpg 580w\" sizes=\"auto, (max-width: 788px) 100vw, 788px\" \/><\/div><div class=\"cmsmasters_owl_slider_item cmsmasters_content_slider_item\"><img loading=\"lazy\" decoding=\"async\" width=\"762\" height=\"431\" src=\"https:\/\/www.vendee-randonnee.com\/wp-content\/uploads\/2025\/01\/season-of-change-1.jpg\" class=\"attachment-full size-full\" alt=\"\" srcset=\"https:\/\/www.vendee-randonnee.com\/wp-content\/uploads\/2025\/01\/season-of-change-1.jpg 762w, https:\/\/www.vendee-randonnee.com\/wp-content\/uploads\/2025\/01\/season-of-change-1-300x170.jpg 300w, https:\/\/www.vendee-randonnee.com\/wp-content\/uploads\/2025\/01\/season-of-change-1-580x328.jpg 580w\" sizes=\"auto, (max-width: 762px) 100vw, 762px\" \/><\/div><\/div>\n<\/div>\n<\/div>\n<\/div>\n<\/div>\n<\/div>\n<\/div>\n<\/div>\n<div id=\"cmsmasters_row_mc13gnf7cn\" class=\"cmsmasters_row cmsmasters_color_scheme_default cmsmasters_row_top_default cmsmasters_row_bot_default cmsmasters_row_boxed\">\n<div class=\"cmsmasters_row_outer_parent\">\n<div class=\"cmsmasters_row_outer\">\n<div class=\"cmsmasters_row_inner cmsmasters_row_no_margin\">\n<div class=\"cmsmasters_row_margin\">\n<div class=\"cmsmasters_column one_half\">\n<div class=\"aligncenter\"><div class=\"cmsmasters_img  cmsmasters_image_c with_caption\"><img decoding=\"async\" src=\"https:\/\/www.vendee-randonnee.com\/wp-content\/uploads\/2017\/06\/Animation-randonnee-vendredi-17.jpg\" \/><p class=\"cmsmasters_img_caption\">Polka Flo Dance<\/p><\/div><\/div>\n<\/div>\n<div class=\"cmsmasters_column one_half espace-gauche\">\n<div class=\"cmsmasters_text\">\n<h3>Vendredi 30 mai<\/h3>\n<ul>\n<li>Parc Clemenceau : 11 h 00 \u2013 18 h 00<\/li>\n<li>Danses folkloriques vend\u00e9ennes &#8220;POLKA FLO DANSE&#8221; de la Flocelli\u00e8re\n<ul>\n<li>11h\/11h30\u00a0 &#8211;\u00a0 13h\/13h30\u00a0 &#8211;\u00a0 14h45\/15h15\u00a0 &#8211;\u00a0 16h30\/17h<\/li>\n<\/ul>\n<\/li>\n<li>&#8220;Danse en Ligne&#8221; de Saint Vincent Sterlanges\u00a0 &#8211; 13h30<\/li>\n<li>CREA&#8217;DANSE de Chantonnay\u00a0 &#8211;\u00a0 14h15<\/li>\n<li>Danses et d\u00e9gustation de la brioche vend\u00e9enne<\/li>\n<li>Bar \u2013 Restauration<\/li>\n<\/ul>\n<h3>Nocturne<\/h3>\n<ul>\n<li>&#8220;Cors de chasse&#8221; &#8220;LES ECHOS DU LAY&#8221;<\/li>\n<\/ul>\n<\/div>\n<\/div>\n<\/div>\n<\/div>\n<\/div>\n<\/div>\n<\/div>\n<div id=\"cmsmasters_row_0usjf32kh8\" class=\"cmsmasters_row cmsmasters_color_scheme_default cmsmasters_row_top_default cmsmasters_row_bot_default cmsmasters_row_boxed\">\n<div class=\"cmsmasters_row_outer_parent\">\n<div class=\"cmsmasters_row_outer\">\n<div class=\"cmsmasters_row_inner cmsmasters_row_no_margin\">\n<div class=\"cmsmasters_row_margin\">\n<div class=\"cmsmasters_column one_half\">\n<div class=\"cmsmasters_text margincentered\">\n<h3>Samedi 31 mai<\/h3>\n<ul>\n<li>Parc Clemenceau : 11 h 00 \u2013 18 h 00<\/li>\n<li>Animation par &#8220;BANDA ANDINA&#8221;de Paris\n<ul>\n<li>11h\/11h30\u00a0 &#8211;\u00a0 13h\/13h30\u00a0 &#8211;\u00a0 14h45\/15h15\u00a0 &#8211;\u00a0 16h30\/17h<\/li>\n<\/ul>\n<\/li>\n<li>et &#8220;BACK LINE&#8221; de Chantonnay &#8211; Rock\n<ul>\n<li>11h45\/12h30\u00a0 &#8211;\u00a0 13h45\/14h30\u00a0 &#8211;\u00a0 15h30\/16h15<\/li>\n<\/ul>\n<\/li>\n<li>Bar &#8211; Restauration<\/li>\n<\/ul>\n<\/div>\n<\/div>\n<div class=\"cmsmasters_column one_half\">\n<div class=\"cmsmasters_img  cmsmasters_image_n with_caption\"><img decoding=\"async\" src=\"https:\/\/www.vendee-randonnee.com\/wp-content\/uploads\/2025\/01\/Backline1.jpg\" \/><p class=\"cmsmasters_img_caption\">Backline<\/p><\/div>\n<\/div>\n<\/div>\n<\/div>\n<\/div>\n<\/div>\n<\/div>\n<div id=\"cmsmasters_row_rcwd6f7lhr\" class=\"cmsmasters_row cmsmasters_color_scheme_default cmsmasters_row_top_default cmsmasters_row_bot_default cmsmasters_row_boxed\">\n<div class=\"cmsmasters_row_outer_parent\">\n<div class=\"cmsmasters_row_outer\">\n<div class=\"cmsmasters_row_inner cmsmasters_row_no_margin\">\n<div class=\"cmsmasters_row_margin\">\n<div class=\"cmsmasters_column one_half\">\n<div class=\"cmsmasters_img  cmsmasters_image_n with_caption\"><img decoding=\"async\" src=\"https:\/\/www.vendee-randonnee.com\/wp-content\/uploads\/2025\/01\/PogMoThoin.jpg\" \/><p class=\"cmsmasters_img_caption\">Pog Mo Thoin<\/p><\/div>\n<\/div>\n<div class=\"cmsmasters_column one_half\">\n<div class=\"cmsmasters_text\">\n<h3>Dimanche 1 Juin<\/h3>\n<ul>\n<li>Parc Clemenceau : 11 h 00 \u2013 18 h 00<\/li>\n<li>Animation par &#8220;NOUVEL AIR&#8221; des Essarts\n<ul>\n<li>11h\/11h30\u00a0 &#8211;\u00a0 13h\/13h30\u00a0 &#8211;\u00a0 14h45\/15h15\u00a0 &#8211;\u00a0 16h30\/17h<\/li>\n<\/ul>\n<\/li>\n<li>et &#8220;POG MO THOIN&#8221; de Chantonnay, musique folk\n<ul>\n<li>11h45\/12h30\u00a0 &#8211;\u00a0 13h45\/14h30<\/li>\n<\/ul>\n<\/li>\n<li>Bar &#8211; Restauration<\/li>\n<\/ul>\n<\/div>\n<\/div>\n<\/div>\n<\/div>\n<\/div>\n<\/div>\n<\/div>\n<div id=\"cmsmasters_row_oitgmjbe6f\" class=\"cmsmasters_row cmsmasters_color_scheme_default cmsmasters_row_top_default cmsmasters_row_bot_default cmsmasters_row_boxed\">\n<div class=\"cmsmasters_row_outer_parent\">\n<div class=\"cmsmasters_row_outer\">\n<div class=\"cmsmasters_row_inner\">\n<div class=\"cmsmasters_row_margin\">\n<div class=\"cmsmasters_column one_first\">\n<div class=\"cmsmasters_text\">\n<h2>Les 29, 30, 31 mai et 01 Juin 2025<\/h2>\n<\/div>\n<\/div>\n<\/div>\n<\/div>\n<\/div>\n<\/div>\n<\/div>\n<div id=\"cmsmasters_row_kvvlis7c7k\" class=\"cmsmasters_row cmsmasters_color_scheme_default cmsmasters_row_top_default cmsmasters_row_bot_default cmsmasters_row_boxed\">\n<div class=\"cmsmasters_row_outer_parent\">\n<div class=\"cmsmasters_row_outer\">\n<div class=\"cmsmasters_row_inner\">\n<div class=\"cmsmasters_row_margin\">\n<div class=\"cmsmasters_column one_half\">\n<div class=\"cmsmasters_text\">\n<p>24\u00e8me \u00e9dition des 4 Jours de Randonn\u00e9e Chantonnay<\/p>\n<\/div>\n<\/div>\n<div class=\"cmsmasters_column one_half\">\n<div id=\"cmsmasters_button_d4uundrfaw\" class=\"button_wrap\"><a href=\"https:\/\/www.vendee-randonnee.com\/inscriptions\/inscription-individuelle\/\" class=\"cmsmasters_button btn_fleche\"><span>S&#8217;inscrire<\/span><\/a><\/div>\n<\/div>\n<\/div>\n<\/div>\n<\/div>\n<\/div>\n<\/div>\n\n","protected":false},"excerpt":{"rendered":"","protected":false},"author":1,"featured_media":0,"parent":0,"menu_order":0,"comment_status":"closed","ping_status":"closed","template":"","meta":{"footnotes":""},"class_list":["post-20574","page","type-page","status-publish","hentry"],"yoast_head":"<!-- This site is optimized with the Yoast SEO plugin v25.6 - https:\/\/yoast.com\/wordpress\/plugins\/seo\/ -->\n<title>Programme des Animations des 4 jours de randonn\u00e9e<\/title>\n<meta name=\"description\" content=\"Chaque jour sur les sentiers de randonn\u00e9e, \u00e0 l&#039;arriv\u00e9e dans le parc des Animations diff\u00e9rentes vous seront propos\u00e9es. Banda, groupe folklorique, chanteur...\" \/>\n<meta name=\"robots\" content=\"index, follow, max-snippet:-1, max-image-preview:large, max-video-preview:-1\" \/>\n<link rel=\"canonical\" href=\"https:\/\/www.vendee-randonnee.com\/en\/2025-animations\/\" \/>\n<meta property=\"og:locale\" content=\"en_US\" \/>\n<meta property=\"og:type\" content=\"article\" \/>\n<meta property=\"og:title\" content=\"Programme des Animations des 4 jours de randonn\u00e9e\" \/>\n<meta property=\"og:description\" content=\"Chaque jour sur les sentiers de randonn\u00e9e, \u00e0 l&#039;arriv\u00e9e dans le parc des Animations diff\u00e9rentes vous seront propos\u00e9es. Banda, groupe folklorique, chanteur...\" \/>\n<meta property=\"og:url\" content=\"https:\/\/www.vendee-randonnee.com\/en\/2025-animations\/\" \/>\n<meta property=\"og:site_name\" content=\"Randonn\u00e9e 4 Jours en Chantonnay Vend\u00e9e\" \/>\n<meta name=\"twitter:card\" content=\"summary_large_image\" \/>\n<meta name=\"twitter:label1\" content=\"Est. reading time\" \/>\n\t<meta name=\"twitter:data1\" content=\"3 minutes\" \/>\n<script type=\"application\/ld+json\" class=\"yoast-schema-graph\">{\"@context\":\"https:\/\/schema.org\",\"@graph\":[{\"@type\":\"WebPage\",\"@id\":\"https:\/\/www.vendee-randonnee.com\/en\/2025-animations\/\",\"url\":\"https:\/\/www.vendee-randonnee.com\/en\/2025-animations\/\",\"name\":\"Programme des Animations des 4 jours de randonn\u00e9e\",\"isPartOf\":{\"@id\":\"https:\/\/www.vendee-randonnee.com\/#website\"},\"datePublished\":\"2025-03-25T13:34:17+00:00\",\"description\":\"Chaque jour sur les sentiers de randonn\u00e9e, \u00e0 l'arriv\u00e9e dans le parc des Animations diff\u00e9rentes vous seront propos\u00e9es. Banda, groupe folklorique, chanteur...\",\"breadcrumb\":{\"@id\":\"https:\/\/www.vendee-randonnee.com\/en\/2025-animations\/#breadcrumb\"},\"inLanguage\":\"en-US\",\"potentialAction\":[{\"@type\":\"ReadAction\",\"target\":[\"https:\/\/www.vendee-randonnee.com\/en\/2025-animations\/\"]}]},{\"@type\":\"BreadcrumbList\",\"@id\":\"https:\/\/www.vendee-randonnee.com\/en\/2025-animations\/#breadcrumb\",\"itemListElement\":[{\"@type\":\"ListItem\",\"position\":1,\"name\":\"Accueil\",\"item\":\"https:\/\/www.vendee-randonnee.com\/en\/\"},{\"@type\":\"ListItem\",\"position\":2,\"name\":\"2025 &#8211; Animations\"}]},{\"@type\":\"WebSite\",\"@id\":\"https:\/\/www.vendee-randonnee.com\/#website\",\"url\":\"https:\/\/www.vendee-randonnee.com\/\",\"name\":\"Randonn\u00e9e 4 Jours en Chantonnay Vend\u00e9e\",\"description\":\"\",\"potentialAction\":[{\"@type\":\"SearchAction\",\"target\":{\"@type\":\"EntryPoint\",\"urlTemplate\":\"https:\/\/www.vendee-randonnee.com\/?s={search_term_string}\"},\"query-input\":{\"@type\":\"PropertyValueSpecification\",\"valueRequired\":true,\"valueName\":\"search_term_string\"}}],\"inLanguage\":\"en-US\"}]}<\/script>\n<!-- \/ Yoast SEO plugin. -->","yoast_head_json":{"title":"Programme des Animations des 4 jours de randonn\u00e9e","description":"Chaque jour sur les sentiers de randonn\u00e9e, \u00e0 l'arriv\u00e9e dans le parc des Animations diff\u00e9rentes vous seront propos\u00e9es. Banda, groupe folklorique, chanteur...","robots":{"index":"index","follow":"follow","max-snippet":"max-snippet:-1","max-image-preview":"max-image-preview:large","max-video-preview":"max-video-preview:-1"},"canonical":"https:\/\/www.vendee-randonnee.com\/en\/2025-animations\/","og_locale":"en_US","og_type":"article","og_title":"Programme des Animations des 4 jours de randonn\u00e9e","og_description":"Chaque jour sur les sentiers de randonn\u00e9e, \u00e0 l'arriv\u00e9e dans le parc des Animations diff\u00e9rentes vous seront propos\u00e9es. Banda, groupe folklorique, chanteur...","og_url":"https:\/\/www.vendee-randonnee.com\/en\/2025-animations\/","og_site_name":"Randonn\u00e9e 4 Jours en Chantonnay Vend\u00e9e","twitter_card":"summary_large_image","twitter_misc":{"Est. reading time":"3 minutes"},"schema":{"@context":"https:\/\/schema.org","@graph":[{"@type":"WebPage","@id":"https:\/\/www.vendee-randonnee.com\/en\/2025-animations\/","url":"https:\/\/www.vendee-randonnee.com\/en\/2025-animations\/","name":"Programme des Animations des 4 jours de randonn\u00e9e","isPartOf":{"@id":"https:\/\/www.vendee-randonnee.com\/#website"},"datePublished":"2025-03-25T13:34:17+00:00","description":"Chaque jour sur les sentiers de randonn\u00e9e, \u00e0 l'arriv\u00e9e dans le parc des Animations diff\u00e9rentes vous seront propos\u00e9es. Banda, groupe folklorique, chanteur...","breadcrumb":{"@id":"https:\/\/www.vendee-randonnee.com\/en\/2025-animations\/#breadcrumb"},"inLanguage":"en-US","potentialAction":[{"@type":"ReadAction","target":["https:\/\/www.vendee-randonnee.com\/en\/2025-animations\/"]}]},{"@type":"BreadcrumbList","@id":"https:\/\/www.vendee-randonnee.com\/en\/2025-animations\/#breadcrumb","itemListElement":[{"@type":"ListItem","position":1,"name":"Accueil","item":"https:\/\/www.vendee-randonnee.com\/en\/"},{"@type":"ListItem","position":2,"name":"2025 &#8211; Animations"}]},{"@type":"WebSite","@id":"https:\/\/www.vendee-randonnee.com\/#website","url":"https:\/\/www.vendee-randonnee.com\/","name":"Randonn\u00e9e 4 Jours en Chantonnay Vend\u00e9e","description":"","potentialAction":[{"@type":"SearchAction","target":{"@type":"EntryPoint","urlTemplate":"https:\/\/www.vendee-randonnee.com\/?s={search_term_string}"},"query-input":{"@type":"PropertyValueSpecification","valueRequired":true,"valueName":"search_term_string"}}],"inLanguage":"en-US"}]}},"_links":{"self":[{"href":"https:\/\/www.vendee-randonnee.com\/en\/wp-json\/wp\/v2\/pages\/20574","targetHints":{"allow":["GET"]}}],"collection":[{"href":"https:\/\/www.vendee-randonnee.com\/en\/wp-json\/wp\/v2\/pages"}],"about":[{"href":"https:\/\/www.vendee-randonnee.com\/en\/wp-json\/wp\/v2\/types\/page"}],"author":[{"embeddable":true,"href":"https:\/\/www.vendee-randonnee.com\/en\/wp-json\/wp\/v2\/users\/1"}],"replies":[{"embeddable":true,"href":"https:\/\/www.vendee-randonnee.com\/en\/wp-json\/wp\/v2\/comments?post=20574"}],"version-history":[{"count":1,"href":"https:\/\/www.vendee-randonnee.com\/en\/wp-json\/wp\/v2\/pages\/20574\/revisions"}],"predecessor-version":[{"id":20575,"href":"https:\/\/www.vendee-randonnee.com\/en\/wp-json\/wp\/v2\/pages\/20574\/revisions\/20575"}],"wp:attachment":[{"href":"https:\/\/www.vendee-randonnee.com\/en\/wp-json\/wp\/v2\/media?parent=20574"}],"curies":[{"name":"wp","href":"https:\/\/api.w.org\/{rel}","templated":true}]}}