{"id":15123,"date":"2015-04-20T11:50:56","date_gmt":"2015-04-20T11:50:56","guid":{"rendered":"https:\/\/www.vendee-randonnee.com\/the-r4jcv-association\/aventure-humaine-4-jours\/"},"modified":"2024-12-14T12:21:37","modified_gmt":"2024-12-14T11:21:37","slug":"the-story-and-adventure","status":"publish","type":"page","link":"https:\/\/www.vendee-randonnee.com\/en\/the-r4jcv-association\/the-story-and-adventure\/","title":{"rendered":"The story and adventure"},"content":{"rendered":"<div id=\"cmsmasters_row_785b12bd74\" class=\"cmsmasters_row cmsmasters_color_scheme_default cmsmasters_row_top_default cmsmasters_row_bot_default cmsmasters_row_boxed\">\n<div class=\"cmsmasters_row_outer_parent\">\n<div class=\"cmsmasters_row_outer\">\n<div class=\"cmsmasters_row_inner\">\n<div class=\"cmsmasters_row_margin\">\n<div class=\"cmsmasters_column one_first\">\n<div class=\"cmsmasters_text\">\n<h2>The beginning in 1999.<\/h2>\n<\/div>\n<\/div>\n<\/div>\n<\/div>\n<\/div>\n<\/div>\n<\/div>\n<div id=\"cmsmasters_row_ae7u7i601l\" class=\"cmsmasters_row cmsmasters_color_scheme_default cmsmasters_row_top_default cmsmasters_row_bot_default cmsmasters_row_boxed\">\n<div class=\"cmsmasters_row_outer_parent\">\n<div class=\"cmsmasters_row_outer\">\n<div class=\"cmsmasters_row_inner\">\n<div class=\"cmsmasters_row_margin\">\n<div class=\"cmsmasters_column one_half\">\n<div class=\"cmsmasters_text\">\n<p>In 1999 a certain Andr\u00e9as Van Der Brink came to introduce to the town of <strong>Chantonnay<\/strong>, the concept of walks that took place in his country of The Netherlands. The notion to walk at least two consecutive days of more than 20km and to be part of a big organisation the International Marching League (<a href=\"http:\/\/www.imlwalking.org\/#\/home\" target=\"_blank\" rel=\"noopener noreferrer\">I.M.L.<\/a>).<\/p>\n<p>Officials were elected and then consulted other people who were interested in the concept. A management structure was established.<\/p>\n<\/div>\n<\/div>\n<div class=\"cmsmasters_column one_half\">\n<div class=\"cmsmasters_img  cmsmasters_image_n\"><img decoding=\"async\" src=\"https:\/\/www.vendee-randonnee.com\/wp-content\/uploads\/2015\/04\/presentation-randonnee-4jours-2000.jpg\" alt=\"Gilles Gandrieau pr\u00e9sentant la premi\u00e8re \u00e9dition des 4 Jours en Chantonnay\" \/><\/div>\n<\/div>\n<\/div>\n<\/div>\n<\/div>\n<\/div>\n<\/div>\n<div id=\"cmsmasters_row_3df35cf6aa\" class=\"cmsmasters_row cmsmasters_color_scheme_default cmsmasters_row_top_default cmsmasters_row_bot_default cmsmasters_row_boxed\">\n<div class=\"cmsmasters_row_outer_parent\">\n<div class=\"cmsmasters_row_outer\">\n<div class=\"cmsmasters_row_inner\">\n<div class=\"cmsmasters_row_margin\">\n<div class=\"cmsmasters_column one_first\">\n<div class=\"cmsmasters_text\">\n<h3>The challenge was accepted and the beginning.<\/h3>\n<\/div>\n<\/div>\n<\/div>\n<\/div>\n<\/div>\n<\/div>\n<\/div>\n<div id=\"cmsmasters_row_qieogtk2vd\" class=\"cmsmasters_row cmsmasters_color_scheme_default cmsmasters_row_top_default cmsmasters_row_bot_default cmsmasters_row_boxed\">\n<div class=\"cmsmasters_row_outer_parent\">\n<div class=\"cmsmasters_row_outer\">\n<div class=\"cmsmasters_row_inner\">\n<div class=\"cmsmasters_row_margin\">\n<div class=\"cmsmasters_column one_half\">\n<div class=\"cmsmasters_img  cmsmasters_image_n\"><img decoding=\"async\" src=\"https:\/\/www.vendee-randonnee.com\/wp-content\/uploads\/2015\/04\/depart-car-randonnee.jpg\" alt=\"D\u00e9part de la randonn\u00e9e en car\" \/><\/div>\n<\/div>\n<div class=\"cmsmasters_column one_half\">\n<div class=\"cmsmasters_text\">\n<p>The R4JCV or the 4 Days of Walking <strong>Chantonnay<\/strong> Vendee was formed in July 1999. It consisted of a representative from each Sports Association in the town. They decided to take the option of a maximum of 4 walking days and the maximum distance of 42km. The strength of the inhabitants of the Vend\u00e9e and especially the people of <strong>Chantonnay<\/strong> to help is well known. The task now was to find routes, sponsors and to set up a structure and an organisation.<\/p>\n<\/div>\n<\/div>\n<\/div>\n<\/div>\n<\/div>\n<\/div>\n<\/div>\n<div id=\"cmsmasters_row_a9186899e4\" class=\"cmsmasters_row cmsmasters_color_scheme_default cmsmasters_row_top_default cmsmasters_row_bot_default cmsmasters_row_boxed\">\n<div class=\"cmsmasters_row_outer_parent\">\n<div class=\"cmsmasters_row_outer\">\n<div class=\"cmsmasters_row_inner\">\n<div class=\"cmsmasters_row_margin\">\n<div class=\"cmsmasters_column one_first\">\n<div id=\"cmsmasters_heading_6cb3aa2788\" class=\"cmsmasters_heading_wrap cmsmasters_heading_align_center titre-simple\">\n\t<h2 class=\"cmsmasters_heading\">The rise of the R4JCV or 4 Days Walking Chantonnay Vendee.<\/h2>\n<\/div>\n<\/div>\n<\/div>\n<\/div>\n<\/div>\n<\/div>\n<\/div>\n<div id=\"cmsmasters_row_8e5883fff5\" class=\"cmsmasters_row cmsmasters_color_scheme_default cmsmasters_row_top_default cmsmasters_row_bot_default cmsmasters_row_fullwidth\">\n<div class=\"cmsmasters_row_outer_parent\">\n<div class=\"cmsmasters_row_outer\">\n<div class=\"cmsmasters_row_inner cmsmasters_row_fullwidth cmsmasters_row_no_margin\">\n<div class=\"cmsmasters_row_margin\">\n<div class=\"cmsmasters_column one_half\">\n<div id=\"cmsmasters_heading_a57798a9ec\" class=\"cmsmasters_heading_wrap cmsmasters_heading_align_center\">\n\t<h3 class=\"cmsmasters_heading\">It was a difficult start.<\/h3>\n<\/div><div class=\"cmsmasters_text margincentered\">\n<p style=\"text-align: center;\">The first year was not a success: 550 walkers over 4 days only!<\/p>\n<p>However this by no means discouraged us, even the resignation of the then President only spurred us on, and the Association continued its work. Three years of functioning were required to qualify for membership of the IML. This was recognised in Blankenberge (Belgium), in May 2003 and we were duly formally accepted into the folds of the <strong>IML<\/strong> organisation in <strong>March 2004, in Rotorua (New Zealand).<\/strong><\/p>\n<p>&nbsp;<\/p>\n<\/div>\n<\/div>\n<div class=\"cmsmasters_column one_half\">\n<div class=\"cmsmasters_img  cmsmasters_image_n\"><img decoding=\"async\" src=\"https:\/\/www.vendee-randonnee.com\/wp-content\/uploads\/2015\/04\/Randonnee-debut-difficile.jpg\" \/><\/div>\n<\/div>\n<\/div>\n<\/div>\n<\/div>\n<\/div>\n<\/div>\n<div id=\"cmsmasters_row_e042bbe3c5\" class=\"cmsmasters_row cmsmasters_color_scheme_default cmsmasters_row_top_default cmsmasters_row_bot_default cmsmasters_row_fullwidth\">\n<div class=\"cmsmasters_row_outer_parent\">\n<div class=\"cmsmasters_row_outer\">\n<div class=\"cmsmasters_row_inner cmsmasters_row_fullwidth cmsmasters_row_no_margin\">\n<div class=\"cmsmasters_row_margin\">\n<div class=\"cmsmasters_column one_half\">\n<div class=\"cmsmasters_img  cmsmasters_image_n\"><img decoding=\"async\" src=\"https:\/\/www.vendee-randonnee.com\/wp-content\/uploads\/2015\/04\/logo-4-jours-IML2.jpg\" alt=\"Le logo IML avec R4JCV\" \/><\/div>\n<\/div>\n<div class=\"cmsmasters_column one_half\">\n<div id=\"cmsmasters_heading_83cfcc8049\" class=\"cmsmasters_heading_wrap cmsmasters_heading_align_center\">\n\t<h3 class=\"cmsmasters_heading\">Entry into the International Marching League (IML).<\/h3>\n<\/div><div class=\"cmsmasters_text margincentered\">\n<p style=\"text-align: left;\">This event was impressive: as many as <strong>600 people<\/strong> from different countries around the world gathered in <strong>Chantonnay,<\/strong> not only to walk, but also to appreciate and admire the beauty of our region and the hospitality of the Vend\u00e9e and <strong>Chantonnay<\/strong>.<\/p>\n<p>The inhabitants of <strong>Chantonnay<\/strong> completely embraced the walking concept so that after 10 years the <strong>R4JCV<\/strong> or 4 Days Walking <strong>Chantonnay<\/strong> Vendee was formed. We were proud to have progressed to 3,500 walkers in 2010.<\/p>\n<p>&nbsp;<\/p>\n<\/div>\n<\/div>\n<\/div>\n<\/div>\n<\/div>\n<\/div>\n<\/div>\n<div id=\"cmsmasters_row_ef4a824a2b\" class=\"cmsmasters_row cmsmasters_color_scheme_default cmsmasters_row_top_default cmsmasters_row_bot_default cmsmasters_row_fullwidth\">\n<div class=\"cmsmasters_row_outer_parent\">\n<div class=\"cmsmasters_row_outer\">\n<div class=\"cmsmasters_row_inner cmsmasters_row_fullwidth cmsmasters_row_no_margin\">\n<div class=\"cmsmasters_row_margin\">\n<div class=\"cmsmasters_column one_half\">\n<div id=\"cmsmasters_heading_00a109ae94\" class=\"cmsmasters_heading_wrap cmsmasters_heading_align_center\">\n\t<h3 class=\"cmsmasters_heading\">Constant Progress.<\/h3>\n<\/div><div class=\"cmsmasters_text margincentered\">\n<p style=\"text-align: center;\">In 2013 during the 14th edition of our walks, the General Assembly of the IML was held in <strong>Chantonnay<\/strong> on the 7th and 8th May. Almost all the member countries were present.<\/p>\n<p style=\"text-align: center;\">In 2025 <strong>we welcomed 5,520 walkers,<\/strong> 1013 of whom walked all of the 4 days.<\/p>\n<\/div>\n<\/div>\n<div class=\"cmsmasters_column one_half\">\n<div class=\"cmsmasters_img  cmsmasters_image_n\"><img decoding=\"async\" src=\"https:\/\/www.vendee-randonnee.com\/wp-content\/uploads\/2015\/04\/Randonne-ravitaillement-aventure.jpg\" \/><\/div>\n<\/div>\n<\/div>\n<\/div>\n<\/div>\n<\/div>\n<\/div>\n<div id=\"cmsmasters_row_6c9befda6f\" class=\"cmsmasters_row cmsmasters_color_scheme_default cmsmasters_row_top_default cmsmasters_row_bot_default cmsmasters_row_fullwidth\">\n<div class=\"cmsmasters_row_outer_parent\">\n<div class=\"cmsmasters_row_outer\">\n<div class=\"cmsmasters_row_inner cmsmasters_row_fullwidth cmsmasters_row_no_margin\">\n<div class=\"cmsmasters_row_margin\">\n<div class=\"cmsmasters_column one_half\">\n<div class=\"cmsmasters_img  cmsmasters_image_n\"><img decoding=\"async\" src=\"https:\/\/www.vendee-randonnee.com\/wp-content\/uploads\/2015\/04\/Randonnee-animation-parc.jpg\" \/><\/div>\n<\/div>\n<div class=\"cmsmasters_column one_half\">\n<div id=\"cmsmasters_heading_364e20ddeb\" class=\"cmsmasters_heading_wrap cmsmasters_heading_align_center\">\n\t<h3 class=\"cmsmasters_heading\"> Chantonnay&#8217;s Big Party.<\/h3>\n<\/div><div class=\"cmsmasters_text margincentered\">\n<p>It is party time in <strong>Chantonnay<\/strong>. The Opening Ceremony on Wednesday, the Friday Night Walk, the entertainment, the bands and orchestras. There are over <strong>300 volunteers<\/strong> in their &#8220;yellow T-shirts&#8221; who are happy to meet and help you every year.<\/p>\n<p>&nbsp;<\/p>\n<p style=\"text-align: center;\">\n<\/div>\n<div class=\"cmsmasters_text\">\n<p>&nbsp;<\/p>\n<\/div>\n<div class=\"cmsmasters_text\">\n<p>&nbsp;<\/p>\n<\/div>\n<div class=\"cmsmasters_text\">\n<p>&nbsp;<\/p>\n<\/div>\n<div class=\"cmsmasters_text\">\n<p>&nbsp;<\/p>\n<\/div>\n<div class=\"cmsmasters_text\">\n<p>&nbsp;<\/p>\n<\/div>\n<div class=\"cmsmasters_text\">\n<p>&nbsp;<\/p>\n<\/div>\n<div class=\"cmsmasters_text\">\n<p>&nbsp;<\/p>\n<\/div>\n<\/div>\n<\/div>\n<\/div>\n<\/div>\n<\/div>\n<\/div>\n<div id=\"cmsmasters_row_21e09ddf85\" class=\"cmsmasters_row cmsmasters_color_scheme_default cmsmasters_row_top_default cmsmasters_row_bot_default cmsmasters_row_boxed\">\n<div class=\"cmsmasters_row_outer_parent\">\n<div class=\"cmsmasters_row_overlay\"><\/div>\n<div class=\"cmsmasters_row_outer\">\n<div class=\"cmsmasters_row_inner\">\n<div class=\"cmsmasters_row_margin\">\n<div class=\"cmsmasters_column two_third\">\n<div id=\"cmsmasters_heading_c3ac5658e2\" class=\"cmsmasters_heading_wrap cmsmasters_heading_align_center titre-simple\">\n\t<h2 class=\"cmsmasters_heading\">29th, 30th, 31st May and 01 June 2025<\/h2>\n<\/div><div id=\"cmsmasters_heading_bf89786e62\" class=\"cmsmasters_heading_wrap cmsmasters_heading_align_center\">\n\t<h3 class=\"cmsmasters_heading\">24th edition of R4JCV or 4 Days Walking Chantonnay Vendee<\/h3>\n<\/div>\n<\/div>\n<div class=\"cmsmasters_column one_third\">\n<div id=\"cmsmasters_divider_e7da017f82\" class=\"cl\"><\/div>\n<div id=\"cmsmasters_button_gh6v4oxbjr\" class=\"button_wrap\"><a href=\"https:\/\/www.vendee-randonnee.com\/inscriptions\/inscription-individuelle\/\" class=\"cmsmasters_button  btn_fleche\" target=\"_blank\"><span>Register<\/span><\/a><\/div>\n<\/div>\n<\/div>\n<\/div>\n<\/div>\n<\/div>\n<\/div>\n\n","protected":false},"excerpt":{"rendered":"","protected":false},"author":1,"featured_media":0,"parent":15119,"menu_order":0,"comment_status":"closed","ping_status":"closed","template":"","meta":{"footnotes":""},"class_list":["post-15123","page","type-page","status-publish","hentry"],"yoast_head":"<!-- This site is optimized with the Yoast SEO plugin v25.6 - https:\/\/yoast.com\/wordpress\/plugins\/seo\/ -->\n<title>A human adventure written by hiking enthusiasts<\/title>\n<meta name=\"description\" content=\"At the origin of the 4 days, the rich adventure of a team of enthusiasts who created the only IML France hike, during the weekend of the Ascension.\" \/>\n<meta name=\"robots\" content=\"index, follow, max-snippet:-1, max-image-preview:large, max-video-preview:-1\" \/>\n<link rel=\"canonical\" href=\"https:\/\/www.vendee-randonnee.com\/en\/the-r4jcv-association\/the-story-and-adventure\/\" \/>\n<meta property=\"og:locale\" content=\"en_US\" \/>\n<meta property=\"og:type\" content=\"article\" \/>\n<meta property=\"og:title\" content=\"A human adventure written by hiking enthusiasts\" \/>\n<meta property=\"og:description\" content=\"At the origin of the 4 days, the rich adventure of a team of enthusiasts who created the only IML France hike, during the weekend of the Ascension.\" \/>\n<meta property=\"og:url\" content=\"https:\/\/www.vendee-randonnee.com\/en\/the-r4jcv-association\/the-story-and-adventure\/\" \/>\n<meta property=\"og:site_name\" content=\"Randonn\u00e9e 4 Jours en Chantonnay Vend\u00e9e\" \/>\n<meta property=\"article:modified_time\" content=\"2024-12-14T11:21:37+00:00\" \/>\n<meta name=\"twitter:card\" content=\"summary_large_image\" \/>\n<meta name=\"twitter:label1\" content=\"Est. reading time\" \/>\n\t<meta name=\"twitter:data1\" content=\"4 minutes\" \/>\n<script type=\"application\/ld+json\" class=\"yoast-schema-graph\">{\"@context\":\"https:\/\/schema.org\",\"@graph\":[{\"@type\":\"WebPage\",\"@id\":\"https:\/\/www.vendee-randonnee.com\/en\/the-r4jcv-association\/the-story-and-adventure\/\",\"url\":\"https:\/\/www.vendee-randonnee.com\/en\/the-r4jcv-association\/the-story-and-adventure\/\",\"name\":\"A human adventure written by hiking enthusiasts\",\"isPartOf\":{\"@id\":\"https:\/\/www.vendee-randonnee.com\/#website\"},\"datePublished\":\"2015-04-20T11:50:56+00:00\",\"dateModified\":\"2024-12-14T11:21:37+00:00\",\"description\":\"At the origin of the 4 days, the rich adventure of a team of enthusiasts who created the only IML France hike, during the weekend of the Ascension.\",\"breadcrumb\":{\"@id\":\"https:\/\/www.vendee-randonnee.com\/en\/the-r4jcv-association\/the-story-and-adventure\/#breadcrumb\"},\"inLanguage\":\"en-US\",\"potentialAction\":[{\"@type\":\"ReadAction\",\"target\":[\"https:\/\/www.vendee-randonnee.com\/en\/the-r4jcv-association\/the-story-and-adventure\/\"]}]},{\"@type\":\"BreadcrumbList\",\"@id\":\"https:\/\/www.vendee-randonnee.com\/en\/the-r4jcv-association\/the-story-and-adventure\/#breadcrumb\",\"itemListElement\":[{\"@type\":\"ListItem\",\"position\":1,\"name\":\"Accueil\",\"item\":\"https:\/\/www.vendee-randonnee.com\/en\/\"},{\"@type\":\"ListItem\",\"position\":2,\"name\":\"The R4JCV association\",\"item\":\"https:\/\/www.vendee-randonnee.com\/en\/the-r4jcv-association\/\"},{\"@type\":\"ListItem\",\"position\":3,\"name\":\"The story and adventure\"}]},{\"@type\":\"WebSite\",\"@id\":\"https:\/\/www.vendee-randonnee.com\/#website\",\"url\":\"https:\/\/www.vendee-randonnee.com\/\",\"name\":\"Randonn\u00e9e 4 Jours en Chantonnay Vend\u00e9e\",\"description\":\"\",\"potentialAction\":[{\"@type\":\"SearchAction\",\"target\":{\"@type\":\"EntryPoint\",\"urlTemplate\":\"https:\/\/www.vendee-randonnee.com\/?s={search_term_string}\"},\"query-input\":{\"@type\":\"PropertyValueSpecification\",\"valueRequired\":true,\"valueName\":\"search_term_string\"}}],\"inLanguage\":\"en-US\"}]}<\/script>\n<!-- \/ Yoast SEO plugin. -->","yoast_head_json":{"title":"A human adventure written by hiking enthusiasts","description":"At the origin of the 4 days, the rich adventure of a team of enthusiasts who created the only IML France hike, during the weekend of the Ascension.","robots":{"index":"index","follow":"follow","max-snippet":"max-snippet:-1","max-image-preview":"max-image-preview:large","max-video-preview":"max-video-preview:-1"},"canonical":"https:\/\/www.vendee-randonnee.com\/en\/the-r4jcv-association\/the-story-and-adventure\/","og_locale":"en_US","og_type":"article","og_title":"A human adventure written by hiking enthusiasts","og_description":"At the origin of the 4 days, the rich adventure of a team of enthusiasts who created the only IML France hike, during the weekend of the Ascension.","og_url":"https:\/\/www.vendee-randonnee.com\/en\/the-r4jcv-association\/the-story-and-adventure\/","og_site_name":"Randonn\u00e9e 4 Jours en Chantonnay Vend\u00e9e","article_modified_time":"2024-12-14T11:21:37+00:00","twitter_card":"summary_large_image","twitter_misc":{"Est. reading time":"4 minutes"},"schema":{"@context":"https:\/\/schema.org","@graph":[{"@type":"WebPage","@id":"https:\/\/www.vendee-randonnee.com\/en\/the-r4jcv-association\/the-story-and-adventure\/","url":"https:\/\/www.vendee-randonnee.com\/en\/the-r4jcv-association\/the-story-and-adventure\/","name":"A human adventure written by hiking enthusiasts","isPartOf":{"@id":"https:\/\/www.vendee-randonnee.com\/#website"},"datePublished":"2015-04-20T11:50:56+00:00","dateModified":"2024-12-14T11:21:37+00:00","description":"At the origin of the 4 days, the rich adventure of a team of enthusiasts who created the only IML France hike, during the weekend of the Ascension.","breadcrumb":{"@id":"https:\/\/www.vendee-randonnee.com\/en\/the-r4jcv-association\/the-story-and-adventure\/#breadcrumb"},"inLanguage":"en-US","potentialAction":[{"@type":"ReadAction","target":["https:\/\/www.vendee-randonnee.com\/en\/the-r4jcv-association\/the-story-and-adventure\/"]}]},{"@type":"BreadcrumbList","@id":"https:\/\/www.vendee-randonnee.com\/en\/the-r4jcv-association\/the-story-and-adventure\/#breadcrumb","itemListElement":[{"@type":"ListItem","position":1,"name":"Accueil","item":"https:\/\/www.vendee-randonnee.com\/en\/"},{"@type":"ListItem","position":2,"name":"The R4JCV association","item":"https:\/\/www.vendee-randonnee.com\/en\/the-r4jcv-association\/"},{"@type":"ListItem","position":3,"name":"The story and adventure"}]},{"@type":"WebSite","@id":"https:\/\/www.vendee-randonnee.com\/#website","url":"https:\/\/www.vendee-randonnee.com\/","name":"Randonn\u00e9e 4 Jours en Chantonnay Vend\u00e9e","description":"","potentialAction":[{"@type":"SearchAction","target":{"@type":"EntryPoint","urlTemplate":"https:\/\/www.vendee-randonnee.com\/?s={search_term_string}"},"query-input":{"@type":"PropertyValueSpecification","valueRequired":true,"valueName":"search_term_string"}}],"inLanguage":"en-US"}]}},"_links":{"self":[{"href":"https:\/\/www.vendee-randonnee.com\/en\/wp-json\/wp\/v2\/pages\/15123","targetHints":{"allow":["GET"]}}],"collection":[{"href":"https:\/\/www.vendee-randonnee.com\/en\/wp-json\/wp\/v2\/pages"}],"about":[{"href":"https:\/\/www.vendee-randonnee.com\/en\/wp-json\/wp\/v2\/types\/page"}],"author":[{"embeddable":true,"href":"https:\/\/www.vendee-randonnee.com\/en\/wp-json\/wp\/v2\/users\/1"}],"replies":[{"embeddable":true,"href":"https:\/\/www.vendee-randonnee.com\/en\/wp-json\/wp\/v2\/comments?post=15123"}],"version-history":[{"count":9,"href":"https:\/\/www.vendee-randonnee.com\/en\/wp-json\/wp\/v2\/pages\/15123\/revisions"}],"predecessor-version":[{"id":20212,"href":"https:\/\/www.vendee-randonnee.com\/en\/wp-json\/wp\/v2\/pages\/15123\/revisions\/20212"}],"up":[{"embeddable":true,"href":"https:\/\/www.vendee-randonnee.com\/en\/wp-json\/wp\/v2\/pages\/15119"}],"wp:attachment":[{"href":"https:\/\/www.vendee-randonnee.com\/en\/wp-json\/wp\/v2\/media?parent=15123"}],"curies":[{"name":"wp","href":"https:\/\/api.w.org\/{rel}","templated":true}]}}